{"id":1078,"date":"2026-04-22T09:56:30","date_gmt":"2026-04-22T09:56:30","guid":{"rendered":"https:\/\/jostedal-industrier.no\/?page_id=1078"},"modified":"2026-04-22T11:12:54","modified_gmt":"2026-04-22T11:12:54","slug":"kontakt-oss","status":"publish","type":"page","link":"https:\/\/jostedal-industrier.no\/?page_id=1078","title":{"rendered":"Kontakt oss"},"content":{"rendered":"<p><strong>Kontaktinformasjon:<\/strong><br \/>Telefon: +47 900 93 098<br \/>E-post: kurt@ji-as.no<br \/>Adresse: Jostedalsvegen 3131, 6871 Jostedal<br \/>Organisasjonsnummer: 912 489 221<\/p>\n<p><strong>Kontaktperson:<\/strong><br \/>Dagleg leiar: Kurt Brun<br \/>Telefon: +47 900 93 098<br \/>E-post: kurt@ji-as.no<\/p>\n<p>Ta gjerne kontakt dersom du har sp\u00f8rsm\u00e5l om v\u00e5re produkt, service eller tekniske l\u00f8ysingar. Me hjelper deg gjerne.<\/p>\n\n\n<div class=\"wp-block-columns is-layout-flex wp-container-core-columns-is-layout-9d6595d7 wp-block-columns-is-layout-flex\">\n<div class=\"wp-block-column is-layout-flow wp-block-column-is-layout-flow\">\n<iframe src=\"https:\/\/www.google.com\/maps\/embed?pb=!1m18!1m12!1m3!1d1895.441880711255!2d7.268344777678415!3d61.636110275812555!2m3!1f0!2f0!3f0!3m2!1i1024!2i768!4f13.1!3m3!1m2!1s0x4615c4cd8051f099%3A0x7948831ac88bd69d!2sJostedalsvegen%203131%2C%206871%20Jostedal!5e0!3m2!1sno!2sno!4v1776851712241!5m2!1sno!2sno\" width=\"600\" height=\"450\" style=\"border:0;\" allowfullscreen=\"\" loading=\"lazy\" referrerpolicy=\"no-referrer-when-downgrade\"><\/iframe>\n<\/div>\n\n\n\n<div class=\"wp-block-column is-layout-flow wp-block-column-is-layout-flow\"><div class=\"everest-forms\"><div class=\"evf-container default\" id=\"evf-1105\"><form id=\"evf-form-1105\" class=\"everest-form\" data-formid=\"1105\" data-ajax_submission=\"0\" data-keyboard_friendly_form=\"0\" method=\"post\" enctype=\"multipart\/form-data\" action=\"\/index.php?rest_route=%2Fwp%2Fv2%2Fpages%2F1078\"><div class=\"evf-field-container\"><input type=\"hidden\" id=\"_wpnonce1105\" name=\"_wpnonce1105\" value=\"08995fb09e\" \/><input type=\"hidden\" name=\"_wp_http_referer\" value=\"\/index.php?rest_route=%2Fwp%2Fv2%2Fpages%2F1078\" \/><div class=\"evf-frontend-row\" data-row=\"row_1\"><div class=\"evf-frontend-grid evf-grid-1\" data-grid=\"grid_1\"><div id=\"evf-1105-field_ys0GeZISRs-1-container\" class=\"evf-field evf-field-first-name form-row validate-required\" data-required-field-message=\"This field is required.\" data-field-id=\"ys0GeZISRs-1\"><label class=\"evf-field-label\" for=\"evf-1105-field_ys0GeZISRs-1\"><span class=\"evf-label\">Name<\/span> <abbr class=\"required\" title=\"Required\">*<\/abbr><\/label><input type=\"text\" id=\"evf-1105-field_ys0GeZISRs-1\" class=\"input-text\" name=\"everest_forms[form_fields][ys0GeZISRs-1]\" required><\/div><div id=\"evf-1105-field_LbH5NxasXM-2-container\" class=\"evf-field evf-field-email form-row validate-required validate-email\" data-required-field-message=\"Please enter a valid email address.\" data-field-id=\"LbH5NxasXM-2\"><label class=\"evf-field-label\" for=\"evf-1105-field_LbH5NxasXM-2\"><span class=\"evf-label\">Email<\/span> <abbr class=\"required\" title=\"Required\">*<\/abbr><\/label><input type=\"email\" id=\"evf-1105-field_LbH5NxasXM-2\" class=\"input-text\" name=\"everest_forms[form_fields][LbH5NxasXM-2]\" required ><\/div><div id=\"evf-1105-field_66FR384cge-3-container\" class=\"evf-field evf-field-text form-row\" data-field-id=\"66FR384cge-3\"><label class=\"evf-field-label\" for=\"evf-1105-field_66FR384cge-3\"><span class=\"evf-label\">Subject<\/span> <\/label><input type=\"text\" id=\"evf-1105-field_66FR384cge-3\" class=\"input-text\" name=\"everest_forms[form_fields][66FR384cge-3]\" ><\/div><div id=\"evf-1105-field_yhGx3FOwr2-4-container\" class=\"evf-field evf-field-textarea form-row\" data-field-id=\"yhGx3FOwr2-4\"><label class=\"evf-field-label\" for=\"evf-1105-field_yhGx3FOwr2-4\"><span class=\"evf-label\">Message<\/span> <\/label><textarea id=\"evf-1105-field_yhGx3FOwr2-4\" class=\"input-text\" name=\"everest_forms[form_fields][yhGx3FOwr2-4]\"  ><\/textarea><\/div><\/div><\/div><\/div><div class=\"evf-honeypot-container evf-field-hp\"><label for=\"evf-1105-field-hp\" class=\"evf-field-label\">Message<\/label><input type=\"text\" name=\"everest_forms[hp]\" id=\"evf-1105-field-hp\" class=\"input-text\"><\/div><div class=\"evf-submit-container \" ><input type=\"hidden\" name=\"everest_forms[id]\" value=\"1105\"><input type=\"hidden\" name=\"everest_forms[author]\" value=\"7\"><button type='submit' name='everest_forms[submit]' class='everest-forms-submit-button button evf-submit ' id='evf-submit-1105' value='evf-submit' data-process-text=\"Processing\u2026\" conditional_rules='&quot;&quot;' conditional_id='evf-submit-1105'  id=\"evf-submit-1105\" aria-live=\"assertive\">Submit<\/button><\/div><\/form><\/div><!-- .evf-container --><\/div>\n<\/div>\n<\/div>\n\n\n\n<p><strong>Opningstider <\/strong><br>M\u00e5ndag &#8211; Fredag: 07.00 &#8211; 15.00<br>L\u00f8rdag &#8211; S\u00f8ndag: Stengt<\/p>\n","protected":false},"excerpt":{"rendered":"<p>Kontaktinformasjon:Telefon: +47 900 93 098E-post: kurt@ji-as.noAdresse: Jostedalsvegen 3131, 6871 JostedalOrganisasjonsnummer: 912 489 221 Kontaktperson:Dagleg leiar: Kurt BrunTelefon: +47 900 93 [&hellip;]<\/p>\n","protected":false},"author":7,"featured_media":0,"parent":0,"menu_order":0,"comment_status":"closed","ping_status":"closed","template":"","meta":{"footnotes":""},"class_list":["post-1078","page","type-page","status-publish","hentry"],"_links":{"self":[{"href":"https:\/\/jostedal-industrier.no\/index.php?rest_route=\/wp\/v2\/pages\/1078","targetHints":{"allow":["GET"]}}],"collection":[{"href":"https:\/\/jostedal-industrier.no\/index.php?rest_route=\/wp\/v2\/pages"}],"about":[{"href":"https:\/\/jostedal-industrier.no\/index.php?rest_route=\/wp\/v2\/types\/page"}],"author":[{"embeddable":true,"href":"https:\/\/jostedal-industrier.no\/index.php?rest_route=\/wp\/v2\/users\/7"}],"replies":[{"embeddable":true,"href":"https:\/\/jostedal-industrier.no\/index.php?rest_route=%2Fwp%2Fv2%2Fcomments&post=1078"}],"version-history":[{"count":9,"href":"https:\/\/jostedal-industrier.no\/index.php?rest_route=\/wp\/v2\/pages\/1078\/revisions"}],"predecessor-version":[{"id":1129,"href":"https:\/\/jostedal-industrier.no\/index.php?rest_route=\/wp\/v2\/pages\/1078\/revisions\/1129"}],"wp:attachment":[{"href":"https:\/\/jostedal-industrier.no\/index.php?rest_route=%2Fwp%2Fv2%2Fmedia&parent=1078"}],"curies":[{"name":"wp","href":"https:\/\/api.w.org\/{rel}","templated":true}]}}