{"id":1147,"date":"2026-04-22T11:41:27","date_gmt":"2026-04-22T11:41:27","guid":{"rendered":"https:\/\/jostedal-industrier.no\/?page_id=1147"},"modified":"2026-04-22T12:51:32","modified_gmt":"2026-04-22T12:51:32","slug":"ji-1400","status":"publish","type":"page","link":"https:\/\/jostedal-industrier.no\/?page_id=1147","title":{"rendered":"JI-1400 Instrumentbord"},"content":{"rendered":"\n<div class=\"wp-block-columns is-layout-flex wp-container-core-columns-is-layout-9d6595d7 wp-block-columns-is-layout-flex\">\n<div class=\"wp-block-column is-layout-flow wp-block-column-is-layout-flow\">\n<p>Bordet er spesielt utforma for \u00e5 forenkle arbeidet p\u00e5 operasjonssalen og er sv\u00e6rt enkelt \u00e5 reingjere og regulere i h\u00f8gda. H\u00f8gda p\u00e5 bordet blir regulert ved \u00e5 trykkje p\u00e5 opp- eller nedknappane som er plasserte under topplata. Dette kan \u00f2g gjerast n\u00e5r sterilt t\u00f8y er plassert over plata.<\/p>\n\n\n\n<p>Ved elektrisk regulering kan h\u00f8gda \u00f2g justerast utan \u00e5 m\u00e5tte flytte instrumentbordet bort fr\u00e5 operasjonsbordet.<\/p>\n\n\n\n<p>H\u00f8gdereguleringa blir utf\u00f8rt ved hjelp av ein innebygd motor og eit batterisystem. Service p\u00e5 bordet og lading av batteriet er sv\u00e6rt enkelt.<\/p>\n\n\n\n<p>Ta kontakt med oss for \u00e5 motta eit tilbod.<\/p>\n<\/div>\n\n\n\n<div class=\"wp-block-column is-layout-flow wp-block-column-is-layout-flow\">\n<figure class=\"wp-block-image size-large\"><img loading=\"lazy\" decoding=\"async\" width=\"1024\" height=\"683\" src=\"https:\/\/jostedal-industrier.no\/wp-content\/uploads\/2026\/04\/JI-1400-1024x683.png\" alt=\"\" class=\"wp-image-1153\" srcset=\"https:\/\/jostedal-industrier.no\/wp-content\/uploads\/2026\/04\/JI-1400-1024x683.png 1024w, https:\/\/jostedal-industrier.no\/wp-content\/uploads\/2026\/04\/JI-1400-300x200.png 300w, https:\/\/jostedal-industrier.no\/wp-content\/uploads\/2026\/04\/JI-1400-768x512.png 768w, https:\/\/jostedal-industrier.no\/wp-content\/uploads\/2026\/04\/JI-1400.png 1350w\" sizes=\"auto, (max-width: 1024px) 100vw, 1024px\" \/><\/figure>\n\n\n\n<figure class=\"wp-block-image size-large\"><img loading=\"lazy\" decoding=\"async\" width=\"1024\" height=\"683\" src=\"https:\/\/jostedal-industrier.no\/wp-content\/uploads\/2026\/04\/JI-1400_1-1024x683.png\" alt=\"\" class=\"wp-image-1156\" srcset=\"https:\/\/jostedal-industrier.no\/wp-content\/uploads\/2026\/04\/JI-1400_1-1024x683.png 1024w, https:\/\/jostedal-industrier.no\/wp-content\/uploads\/2026\/04\/JI-1400_1-300x200.png 300w, https:\/\/jostedal-industrier.no\/wp-content\/uploads\/2026\/04\/JI-1400_1-768x512.png 768w, https:\/\/jostedal-industrier.no\/wp-content\/uploads\/2026\/04\/JI-1400_1.png 1350w\" sizes=\"auto, (max-width: 1024px) 100vw, 1024px\" \/><\/figure>\n<\/div>\n<\/div>\n\n\n\n<p><\/p>\n","protected":false},"excerpt":{"rendered":"<p>Bordet er spesielt utforma for \u00e5 forenkle arbeidet p\u00e5 operasjonssalen og er sv\u00e6rt enkelt \u00e5 reingjere og regulere i h\u00f8gda. [&hellip;]<\/p>\n","protected":false},"author":7,"featured_media":0,"parent":0,"menu_order":0,"comment_status":"closed","ping_status":"closed","template":"","meta":{"footnotes":""},"class_list":["post-1147","page","type-page","status-publish","hentry"],"_links":{"self":[{"href":"https:\/\/jostedal-industrier.no\/index.php?rest_route=\/wp\/v2\/pages\/1147","targetHints":{"allow":["GET"]}}],"collection":[{"href":"https:\/\/jostedal-industrier.no\/index.php?rest_route=\/wp\/v2\/pages"}],"about":[{"href":"https:\/\/jostedal-industrier.no\/index.php?rest_route=\/wp\/v2\/types\/page"}],"author":[{"embeddable":true,"href":"https:\/\/jostedal-industrier.no\/index.php?rest_route=\/wp\/v2\/users\/7"}],"replies":[{"embeddable":true,"href":"https:\/\/jostedal-industrier.no\/index.php?rest_route=%2Fwp%2Fv2%2Fcomments&post=1147"}],"version-history":[{"count":3,"href":"https:\/\/jostedal-industrier.no\/index.php?rest_route=\/wp\/v2\/pages\/1147\/revisions"}],"predecessor-version":[{"id":1315,"href":"https:\/\/jostedal-industrier.no\/index.php?rest_route=\/wp\/v2\/pages\/1147\/revisions\/1315"}],"wp:attachment":[{"href":"https:\/\/jostedal-industrier.no\/index.php?rest_route=%2Fwp%2Fv2%2Fmedia&parent=1147"}],"curies":[{"name":"wp","href":"https:\/\/api.w.org\/{rel}","templated":true}]}}