{"id":1285,"date":"2026-04-22T12:41:29","date_gmt":"2026-04-22T12:41:29","guid":{"rendered":"https:\/\/jostedal-industrier.no\/?page_id=1285"},"modified":"2026-04-22T12:44:50","modified_gmt":"2026-04-22T12:44:50","slug":"ji-1300-assistansebord","status":"publish","type":"page","link":"https:\/\/jostedal-industrier.no\/?page_id=1285","title":{"rendered":"JI-1300 Assistansebord"},"content":{"rendered":"\n<div class=\"wp-block-columns is-layout-flex wp-container-core-columns-is-layout-9d6595d7 wp-block-columns-is-layout-flex\">\n<div class=\"wp-block-column is-layout-flow wp-block-column-is-layout-flow\">\n<p>Bordet er spesielt utforma for \u00e5 gjere arbeidet p\u00e5 operasjonssalen enklare. Utforminga av bordet gjer det sv\u00e6rt enkelt \u00e5 reingjere og regulere h\u00f8gda. H\u00f8gda p\u00e5 bordet blir regulert ved \u00e5 trykkje p\u00e5 opp- eller nedknappane som er plasserte under topplata. Dette kan \u00f2g gjerast n\u00e5r sterilt t\u00f8y er plassert over plata.<\/p>\n\n\n\n<p>Med elektrisk regulering kan h\u00f8gda \u00f2g justerast utan \u00e5 m\u00e5tte flytte assistansebordet bort fr\u00e5 operasjonsbordet.<\/p>\n\n\n\n<p>JI-13003 \u2013 Assistansebord med bordplate 95 x 55 cm<\/p>\n\n\n\n<p>JI-13001 \u2013 Assistansebord med bordplate 60 x 40 cm<\/p>\n\n\n\n<p>JI-13002 \u2013 Assistansebord med bordplate 70 x 50 cm<\/p>\n<\/div>\n\n\n\n<div class=\"wp-block-column is-layout-flow wp-block-column-is-layout-flow\">\n<figure class=\"wp-block-image size-large\"><img loading=\"lazy\" decoding=\"async\" width=\"1024\" height=\"683\" src=\"https:\/\/jostedal-industrier.no\/wp-content\/uploads\/2026\/04\/JI-1300-1024x683.png\" alt=\"\" class=\"wp-image-1273\" srcset=\"https:\/\/jostedal-industrier.no\/wp-content\/uploads\/2026\/04\/JI-1300-1024x683.png 1024w, https:\/\/jostedal-industrier.no\/wp-content\/uploads\/2026\/04\/JI-1300-300x200.png 300w, https:\/\/jostedal-industrier.no\/wp-content\/uploads\/2026\/04\/JI-1300-768x512.png 768w, https:\/\/jostedal-industrier.no\/wp-content\/uploads\/2026\/04\/JI-1300.png 1350w\" sizes=\"auto, (max-width: 1024px) 100vw, 1024px\" \/><\/figure>\n<\/div>\n<\/div>\n\n\n\n<p><strong>Ta kontakt med oss for \u00e5 motta eit tilbod<\/strong><\/p>\n","protected":false},"excerpt":{"rendered":"<p>Bordet er spesielt utforma for \u00e5 gjere arbeidet p\u00e5 operasjonssalen enklare. Utforminga av bordet gjer det sv\u00e6rt enkelt \u00e5 reingjere [&hellip;]<\/p>\n","protected":false},"author":7,"featured_media":0,"parent":0,"menu_order":0,"comment_status":"closed","ping_status":"closed","template":"","meta":{"footnotes":""},"class_list":["post-1285","page","type-page","status-publish","hentry"],"_links":{"self":[{"href":"https:\/\/jostedal-industrier.no\/index.php?rest_route=\/wp\/v2\/pages\/1285","targetHints":{"allow":["GET"]}}],"collection":[{"href":"https:\/\/jostedal-industrier.no\/index.php?rest_route=\/wp\/v2\/pages"}],"about":[{"href":"https:\/\/jostedal-industrier.no\/index.php?rest_route=\/wp\/v2\/types\/page"}],"author":[{"embeddable":true,"href":"https:\/\/jostedal-industrier.no\/index.php?rest_route=\/wp\/v2\/users\/7"}],"replies":[{"embeddable":true,"href":"https:\/\/jostedal-industrier.no\/index.php?rest_route=%2Fwp%2Fv2%2Fcomments&post=1285"}],"version-history":[{"count":3,"href":"https:\/\/jostedal-industrier.no\/index.php?rest_route=\/wp\/v2\/pages\/1285\/revisions"}],"predecessor-version":[{"id":1300,"href":"https:\/\/jostedal-industrier.no\/index.php?rest_route=\/wp\/v2\/pages\/1285\/revisions\/1300"}],"wp:attachment":[{"href":"https:\/\/jostedal-industrier.no\/index.php?rest_route=%2Fwp%2Fv2%2Fmedia&parent=1285"}],"curies":[{"name":"wp","href":"https:\/\/api.w.org\/{rel}","templated":true}]}}