{"id":1756,"date":"2026-04-23T11:17:55","date_gmt":"2026-04-23T11:17:55","guid":{"rendered":"https:\/\/jostedal-industrier.no\/?page_id=1756"},"modified":"2026-04-23T11:33:28","modified_gmt":"2026-04-23T11:33:28","slug":"om-oss","status":"publish","type":"page","link":"https:\/\/jostedal-industrier.no\/?page_id=1756","title":{"rendered":"Om oss"},"content":{"rendered":"\n<div class=\"wp-block-columns is-layout-flex wp-container-core-columns-is-layout-9d6595d7 wp-block-columns-is-layout-flex\">\n<div class=\"wp-block-column is-layout-flow wp-block-column-is-layout-flow\">\n<p>Jostedal Industrier har sidan 1996 utvikla, produsert og selt medisinteknisk utstyr innerst i Jostedalen. Me leverer mellom anna operasjonsbord, unders\u00f8kingsbenkar, medisinske m\u00f8blar og anna medisinteknisk tilbeh\u00f8yr til helsesektoren over heile Noreg, og er i dag fem tilsette som arbeider tett saman for \u00e5 levere kvalitet i alle ledd.<\/p>\n\n\n\n<p>Me legg stor vekt p\u00e5 brukarinvolvert utvikling og utviklar l\u00f8ysingar i tett dialog med kundane v\u00e5re for \u00e5 sikre funksjonelle og brukarvenlege produkt.<\/p>\n\n\n\n<p>I tillegg tek utviklingsavdelinga v\u00e5r p\u00e5 seg spesialoppdrag innan elektromekaniske l\u00f8ysingar, medan den mekaniske avdelinga v\u00e5r tilbyr solid kompetanse innan sveising, CNC-maskinering, maskineringssenter og dreiebenk. Me tek p\u00e5 oss b\u00e5de sm\u00e5 og store oppdrag, og kan skreddarsy l\u00f8ysingar tilpassa dine behov.<\/p>\n\n\n\n<p>Gjennom norsk produksjon kan me tilby god service, rask responstid og korte leveringstider. Samstundes har me fokus p\u00e5 milj\u00f8 og forsyningstryggleik gjennom berekraftige l\u00f8ysingar og n\u00e6rleik til eigen produksjon.<\/p>\n\n\n\n<p>Kvalitet og brukarvenlegheit st\u00e5r alltid i sentrum hj\u00e5 oss. Me legg stor vekt p\u00e5 godt handverk, p\u00e5litelege produkt og god service, og gjer alltid v\u00e5rt beste for at kvar kunde skal bli n\u00f8gd.<\/p>\n\n\n\n<p>Du finn oss p\u00e5 Gjerde i Jostedalen. Velkomen innom i opningstidene v\u00e5re, eller ta kontakt for \u00e5 avtale eit m\u00f8te.<\/p>\n\n\n\n<p><strong>Kontaktperson:<\/strong><br>Dagleg leiar: Kurt Brun<br>Telefon: +47 900 93 098<br>E-post: kurt@ji-as.no<br>Adresse: Jostedalsvegen 3131, 6871 Jostedal<br><\/p>\n<\/div>\n\n\n\n<div class=\"wp-block-column is-layout-flow wp-block-column-is-layout-flow\">\n<figure class=\"wp-block-image size-full\"><img loading=\"lazy\" decoding=\"async\" width=\"796\" height=\"566\" src=\"https:\/\/jostedal-industrier.no\/wp-content\/uploads\/2026\/04\/jostedal-1.png\" alt=\"\" class=\"wp-image-1777\" srcset=\"https:\/\/jostedal-industrier.no\/wp-content\/uploads\/2026\/04\/jostedal-1.png 796w, https:\/\/jostedal-industrier.no\/wp-content\/uploads\/2026\/04\/jostedal-1-300x213.png 300w, https:\/\/jostedal-industrier.no\/wp-content\/uploads\/2026\/04\/jostedal-1-768x546.png 768w\" sizes=\"auto, (max-width: 796px) 100vw, 796px\" \/><\/figure>\n\n\n\n<figure class=\"wp-block-image size-full\"><img loading=\"lazy\" decoding=\"async\" width=\"796\" height=\"566\" src=\"https:\/\/jostedal-industrier.no\/wp-content\/uploads\/2026\/04\/jostedal2-1.png\" alt=\"\" class=\"wp-image-1783\" srcset=\"https:\/\/jostedal-industrier.no\/wp-content\/uploads\/2026\/04\/jostedal2-1.png 796w, https:\/\/jostedal-industrier.no\/wp-content\/uploads\/2026\/04\/jostedal2-1-300x213.png 300w, https:\/\/jostedal-industrier.no\/wp-content\/uploads\/2026\/04\/jostedal2-1-768x546.png 768w\" sizes=\"auto, (max-width: 796px) 100vw, 796px\" \/><\/figure>\n<\/div>\n<\/div>\n","protected":false},"excerpt":{"rendered":"<p>Jostedal Industrier har sidan 1996 utvikla, produsert og selt medisinteknisk utstyr innerst i Jostedalen. Me leverer mellom anna operasjonsbord, unders\u00f8kingsbenkar, [&hellip;]<\/p>\n","protected":false},"author":7,"featured_media":0,"parent":0,"menu_order":0,"comment_status":"closed","ping_status":"closed","template":"","meta":{"footnotes":""},"class_list":["post-1756","page","type-page","status-publish","hentry"],"_links":{"self":[{"href":"https:\/\/jostedal-industrier.no\/index.php?rest_route=\/wp\/v2\/pages\/1756","targetHints":{"allow":["GET"]}}],"collection":[{"href":"https:\/\/jostedal-industrier.no\/index.php?rest_route=\/wp\/v2\/pages"}],"about":[{"href":"https:\/\/jostedal-industrier.no\/index.php?rest_route=\/wp\/v2\/types\/page"}],"author":[{"embeddable":true,"href":"https:\/\/jostedal-industrier.no\/index.php?rest_route=\/wp\/v2\/users\/7"}],"replies":[{"embeddable":true,"href":"https:\/\/jostedal-industrier.no\/index.php?rest_route=%2Fwp%2Fv2%2Fcomments&post=1756"}],"version-history":[{"count":4,"href":"https:\/\/jostedal-industrier.no\/index.php?rest_route=\/wp\/v2\/pages\/1756\/revisions"}],"predecessor-version":[{"id":1786,"href":"https:\/\/jostedal-industrier.no\/index.php?rest_route=\/wp\/v2\/pages\/1756\/revisions\/1786"}],"wp:attachment":[{"href":"https:\/\/jostedal-industrier.no\/index.php?rest_route=%2Fwp%2Fv2%2Fmedia&parent=1756"}],"curies":[{"name":"wp","href":"https:\/\/api.w.org\/{rel}","templated":true}]}}