{"id":736,"date":"2026-04-16T09:52:12","date_gmt":"2026-04-16T09:52:12","guid":{"rendered":"https:\/\/jostedal-industrier.no\/?page_id=736"},"modified":"2026-04-22T09:29:03","modified_gmt":"2026-04-22T09:29:03","slug":"ji-5220-operasjonsbord-generell-kirurgi","status":"publish","type":"page","link":"https:\/\/jostedal-industrier.no\/?page_id=736","title":{"rendered":"JI-5220 Operasjonsbord, generell kirurgi"},"content":{"rendered":"\n<div class=\"wp-block-columns is-layout-flex wp-container-core-columns-is-layout-9d6595d7 wp-block-columns-is-layout-flex\">\n<div class=\"wp-block-column is-layout-flow wp-block-column-is-layout-flow\">\n<p>Bordet er konstruert som eit universalbord. Leiet er firedelt, med elektrisk regulerbar ryggplate. Bordet er utforma med delte beinplater som kan takast av eller svingast til sida. Kvar beinplate er delt i to, slik at den ytste delen kan b\u00f8yast ned 90\u00b0. Dette er s\u00e6rleg praktisk ved artroskopi av kne, der st\u00f8tta blir festa p\u00e5 den inste delen, medan den ytste kan fellast ned.<\/p>\n\n\n\n<p>Bordet kan justerast elektrisk i f\u00f8lgjande posisjonar:<\/p>\n\n\n\n<ul class=\"wp-block-list\">\n<li>Opp \/ ned<\/li>\n\n\n\n<li>Trendelenburg \/ anti-Trendelenburg<\/li>\n\n\n\n<li>Sideleie h\u00f8gre \/ venstre<\/li>\n\n\n\n<li>Rygg opp \/ ned<\/li>\n\n\n\n<li>Nullstilling av bordet<\/li>\n\n\n\n<li>Program (minnefunksjon)<\/li>\n<\/ul>\n\n\n\n<p>Dette blir styrt ved hjelp av handbrytar. Bordet blir \u00f2g levert som standard med fastmontert fotbrytar for styring av opp\/ned og Trendelenburg\/anti-Trendelenburg.<\/p>\n\n\n\n<p>Bordet blir levert med store hjul som gjer det enkelt \u00e5 flytte. Det er montert sentrall\u00e5sing p\u00e5 bakhjula og individuell l\u00e5sing p\u00e5 framhjula.<\/p>\n\n\n\n<p>Som standard blir bordet levert med hovudst\u00f8tte, sideskinner, madrassar (75 mm), batteri (7 Ah) og ladar (220 V \/ 24 V).<\/p>\n<\/div>\n\n\n\n<div class=\"wp-block-column is-layout-flow wp-block-column-is-layout-flow\">\n<figure class=\"wp-block-image size-large\"><img loading=\"lazy\" decoding=\"async\" width=\"1024\" height=\"683\" src=\"https:\/\/jostedal-industrier.no\/wp-content\/uploads\/2026\/04\/JI-5220-1024x683.png\" alt=\"\" class=\"wp-image-895\" srcset=\"https:\/\/jostedal-industrier.no\/wp-content\/uploads\/2026\/04\/JI-5220-1024x683.png 1024w, https:\/\/jostedal-industrier.no\/wp-content\/uploads\/2026\/04\/JI-5220-300x200.png 300w, https:\/\/jostedal-industrier.no\/wp-content\/uploads\/2026\/04\/JI-5220-768x512.png 768w, https:\/\/jostedal-industrier.no\/wp-content\/uploads\/2026\/04\/JI-5220.png 1350w\" sizes=\"auto, (max-width: 1024px) 100vw, 1024px\" \/><\/figure>\n<\/div>\n<\/div>\n","protected":false},"excerpt":{"rendered":"<p>Bordet er konstruert som eit universalbord. Leiet er firedelt, med elektrisk regulerbar ryggplate. Bordet er utforma med delte beinplater som [&hellip;]<\/p>\n","protected":false},"author":7,"featured_media":0,"parent":0,"menu_order":0,"comment_status":"closed","ping_status":"closed","template":"","meta":{"footnotes":""},"class_list":["post-736","page","type-page","status-publish","hentry"],"_links":{"self":[{"href":"https:\/\/jostedal-industrier.no\/index.php?rest_route=\/wp\/v2\/pages\/736","targetHints":{"allow":["GET"]}}],"collection":[{"href":"https:\/\/jostedal-industrier.no\/index.php?rest_route=\/wp\/v2\/pages"}],"about":[{"href":"https:\/\/jostedal-industrier.no\/index.php?rest_route=\/wp\/v2\/types\/page"}],"author":[{"embeddable":true,"href":"https:\/\/jostedal-industrier.no\/index.php?rest_route=\/wp\/v2\/users\/7"}],"replies":[{"embeddable":true,"href":"https:\/\/jostedal-industrier.no\/index.php?rest_route=%2Fwp%2Fv2%2Fcomments&post=736"}],"version-history":[{"count":2,"href":"https:\/\/jostedal-industrier.no\/index.php?rest_route=\/wp\/v2\/pages\/736\/revisions"}],"predecessor-version":[{"id":1024,"href":"https:\/\/jostedal-industrier.no\/index.php?rest_route=\/wp\/v2\/pages\/736\/revisions\/1024"}],"wp:attachment":[{"href":"https:\/\/jostedal-industrier.no\/index.php?rest_route=%2Fwp%2Fv2%2Fmedia&parent=736"}],"curies":[{"name":"wp","href":"https:\/\/api.w.org\/{rel}","templated":true}]}}