{"id":748,"date":"2026-04-16T12:25:43","date_gmt":"2026-04-16T12:25:43","guid":{"rendered":"https:\/\/jostedal-industrier.no\/?page_id=748"},"modified":"2026-04-22T09:29:43","modified_gmt":"2026-04-22T09:29:43","slug":"ji-5320-operasjonsbord-med-elektrisk-forskyvning-regulerbar-rygg","status":"publish","type":"page","link":"https:\/\/jostedal-industrier.no\/?page_id=748","title":{"rendered":"JI-5320 Operasjonsbord med elektrisk forskyvning, regulerbar rygg"},"content":{"rendered":"\n<div class=\"wp-block-columns is-layout-flex wp-container-core-columns-is-layout-9d6595d7 wp-block-columns-is-layout-flex\">\n<div class=\"wp-block-column is-layout-flow wp-block-column-is-layout-flow\">\n<p>Operasjonsbordet er utvikla for bruk der det er behov for optimale forhold for r\u00f8ntgen og bileteforsterkar. Bordet er utstyrt med kassettbru, der r\u00f8ntgenkassett kan skyvast inn fr\u00e5 b\u00e5de hovud- og fotende. Leiet kan forskyvast i h\u00f8ve til understellet, slik at pasienten kan gjennomlysast i heile si lengd. Ryggdelen kan i tillegg justerast opp og ned ved hjelp av gassfj\u00f8rer.<\/p>\n\n\n\n<p>Operasjonsbordet kan justerast elektrisk i f\u00f8lgjande posisjonar:<\/p>\n\n\n\n<ul class=\"wp-block-list\">\n<li>Opp \/ ned<\/li>\n\n\n\n<li>Trendelenburg \/ anti-Trendelenburg<\/li>\n\n\n\n<li>Sideleie (opsjon)<\/li>\n\n\n\n<li>Forskyving av leie<\/li>\n\n\n\n<li>Nullstilling av bordet<\/li>\n\n\n\n<li>Program (minnefunksjon)<\/li>\n<\/ul>\n\n\n\n<p>Dette blir styrt ved hjelp av handkontroll. Bordet blir \u00f2g levert som standard med uttak for fotbrytar, som styrer opp\/ned og forskyving h\u00f8gre\/venstre.<\/p>\n\n\n\n<p>Bordet blir levert med store antistatiske hjul som gjer det enkelt \u00e5 flytte. Det er montert sentrall\u00e5sing p\u00e5 dei to bakre hjula og individuell l\u00e5sing p\u00e5 dei to fremste hjula.<\/p>\n\n\n\n<p>Som standard blir operasjonsbordet levert med hovudst\u00f8tte, sideskinner, madrassar (75 mm), batteri (7 Ah) og ladar (220 V \/ 24 V).<\/p>\n<\/div>\n\n\n\n<div class=\"wp-block-column is-layout-flow wp-block-column-is-layout-flow\">\n<figure class=\"wp-block-image size-large\"><img loading=\"lazy\" decoding=\"async\" width=\"1024\" height=\"683\" src=\"https:\/\/jostedal-industrier.no\/wp-content\/uploads\/2026\/04\/JI-5320-1-1024x683.png\" alt=\"\" class=\"wp-image-907\" srcset=\"https:\/\/jostedal-industrier.no\/wp-content\/uploads\/2026\/04\/JI-5320-1-1024x683.png 1024w, https:\/\/jostedal-industrier.no\/wp-content\/uploads\/2026\/04\/JI-5320-1-300x200.png 300w, https:\/\/jostedal-industrier.no\/wp-content\/uploads\/2026\/04\/JI-5320-1-768x512.png 768w, https:\/\/jostedal-industrier.no\/wp-content\/uploads\/2026\/04\/JI-5320-1.png 1350w\" sizes=\"auto, (max-width: 1024px) 100vw, 1024px\" \/><\/figure>\n<\/div>\n<\/div>\n","protected":false},"excerpt":{"rendered":"<p>Operasjonsbordet er utvikla for bruk der det er behov for optimale forhold for r\u00f8ntgen og bileteforsterkar. Bordet er utstyrt med [&hellip;]<\/p>\n","protected":false},"author":7,"featured_media":0,"parent":0,"menu_order":0,"comment_status":"closed","ping_status":"closed","template":"","meta":{"footnotes":""},"class_list":["post-748","page","type-page","status-publish","hentry"],"_links":{"self":[{"href":"https:\/\/jostedal-industrier.no\/index.php?rest_route=\/wp\/v2\/pages\/748","targetHints":{"allow":["GET"]}}],"collection":[{"href":"https:\/\/jostedal-industrier.no\/index.php?rest_route=\/wp\/v2\/pages"}],"about":[{"href":"https:\/\/jostedal-industrier.no\/index.php?rest_route=\/wp\/v2\/types\/page"}],"author":[{"embeddable":true,"href":"https:\/\/jostedal-industrier.no\/index.php?rest_route=\/wp\/v2\/users\/7"}],"replies":[{"embeddable":true,"href":"https:\/\/jostedal-industrier.no\/index.php?rest_route=%2Fwp%2Fv2%2Fcomments&post=748"}],"version-history":[{"count":2,"href":"https:\/\/jostedal-industrier.no\/index.php?rest_route=\/wp\/v2\/pages\/748\/revisions"}],"predecessor-version":[{"id":1036,"href":"https:\/\/jostedal-industrier.no\/index.php?rest_route=\/wp\/v2\/pages\/748\/revisions\/1036"}],"wp:attachment":[{"href":"https:\/\/jostedal-industrier.no\/index.php?rest_route=%2Fwp%2Fv2%2Fmedia&parent=748"}],"curies":[{"name":"wp","href":"https:\/\/api.w.org\/{rel}","templated":true}]}}