{"id":766,"date":"2026-04-16T12:27:12","date_gmt":"2026-04-16T12:27:12","guid":{"rendered":"https:\/\/jostedal-industrier.no\/?page_id=766"},"modified":"2026-04-22T09:30:32","modified_gmt":"2026-04-22T09:30:32","slug":"ji-5850-operasjonsbord-onh-plastikk","status":"publish","type":"page","link":"https:\/\/jostedal-industrier.no\/?page_id=766","title":{"rendered":"JI-5850 Operasjonsbord, \u00d8NH, plastikk"},"content":{"rendered":"\n<div class=\"wp-block-columns is-layout-flex wp-container-core-columns-is-layout-9d6595d7 wp-block-columns-is-layout-flex\">\n<div class=\"wp-block-column is-layout-flow wp-block-column-is-layout-flow\">\n<p>JI-5850 er eit tredelt operasjonsbord som er utvikla for \u00e5 dekkje fleire behov, mellom anna innan \u00d8NH, auge, kjeve- og plastikkirurgi. Bordet kan justerast elektrisk i f\u00f8lgjande posisjonar:<\/p>\n\n\n\n<ul class=\"wp-block-list\">\n<li>Opp \/ ned<\/li>\n\n\n\n<li>Trendelenburg \/ anti-Trendelenburg<\/li>\n\n\n\n<li>Sideleie<\/li>\n\n\n\n<li>Ryggplate opp \/ ned<\/li>\n\n\n\n<li>Beinplate opp \/ ned (manuelt regulert)<\/li>\n\n\n\n<li>Nullstilling av bordet<\/li>\n\n\n\n<li>Program (minnefunksjon)<\/li>\n<\/ul>\n\n\n\n<p>Dette blir styrt ved hjelp av handkontroll. Operasjonsbordet blir \u00f2g levert som standard med fastmontert fotbrytar for styring av opp\/ned og Trendelenburg\/anti-Trendelenburg.<\/p>\n\n\n\n<p>Bordet blir levert med store antistatiske hjul som gjer det enkelt \u00e5 flytte. Det er montert sentrall\u00e5sing p\u00e5 dei to bakre hjula og individuell l\u00e5sing p\u00e5 dei to fremste hjula.<\/p>\n\n\n\n<p>Som standard blir operasjonsbordet levert med hovudst\u00f8tte, sideskinner, madrassar (75 mm), batteri (7 Ah) og ladar (220 V \/ 24 V).<\/p>\n<\/div>\n\n\n\n<div class=\"wp-block-column is-layout-flow wp-block-column-is-layout-flow\">\n<figure class=\"wp-block-image size-large\"><img loading=\"lazy\" decoding=\"async\" width=\"1024\" height=\"683\" src=\"https:\/\/jostedal-industrier.no\/wp-content\/uploads\/2026\/04\/ji-5850-1024x683.png\" alt=\"\" class=\"wp-image-874\" srcset=\"https:\/\/jostedal-industrier.no\/wp-content\/uploads\/2026\/04\/ji-5850-1024x683.png 1024w, https:\/\/jostedal-industrier.no\/wp-content\/uploads\/2026\/04\/ji-5850-300x200.png 300w, https:\/\/jostedal-industrier.no\/wp-content\/uploads\/2026\/04\/ji-5850-768x512.png 768w, https:\/\/jostedal-industrier.no\/wp-content\/uploads\/2026\/04\/ji-5850.png 1350w\" sizes=\"auto, (max-width: 1024px) 100vw, 1024px\" \/><\/figure>\n<\/div>\n<\/div>\n","protected":false},"excerpt":{"rendered":"<p>JI-5850 er eit tredelt operasjonsbord som er utvikla for \u00e5 dekkje fleire behov, mellom anna innan \u00d8NH, auge, kjeve- og [&hellip;]<\/p>\n","protected":false},"author":7,"featured_media":0,"parent":0,"menu_order":0,"comment_status":"closed","ping_status":"closed","template":"","meta":{"footnotes":""},"class_list":["post-766","page","type-page","status-publish","hentry"],"_links":{"self":[{"href":"https:\/\/jostedal-industrier.no\/index.php?rest_route=\/wp\/v2\/pages\/766","targetHints":{"allow":["GET"]}}],"collection":[{"href":"https:\/\/jostedal-industrier.no\/index.php?rest_route=\/wp\/v2\/pages"}],"about":[{"href":"https:\/\/jostedal-industrier.no\/index.php?rest_route=\/wp\/v2\/types\/page"}],"author":[{"embeddable":true,"href":"https:\/\/jostedal-industrier.no\/index.php?rest_route=\/wp\/v2\/users\/7"}],"replies":[{"embeddable":true,"href":"https:\/\/jostedal-industrier.no\/index.php?rest_route=%2Fwp%2Fv2%2Fcomments&post=766"}],"version-history":[{"count":2,"href":"https:\/\/jostedal-industrier.no\/index.php?rest_route=\/wp\/v2\/pages\/766\/revisions"}],"predecessor-version":[{"id":1048,"href":"https:\/\/jostedal-industrier.no\/index.php?rest_route=\/wp\/v2\/pages\/766\/revisions\/1048"}],"wp:attachment":[{"href":"https:\/\/jostedal-industrier.no\/index.php?rest_route=%2Fwp%2Fv2%2Fmedia&parent=766"}],"curies":[{"name":"wp","href":"https:\/\/api.w.org\/{rel}","templated":true}]}}