{"id":964,"date":"2026-04-22T07:46:40","date_gmt":"2026-04-22T07:46:40","guid":{"rendered":"https:\/\/jostedal-industrier.no\/?page_id=964"},"modified":"2026-04-22T09:27:48","modified_gmt":"2026-04-22T09:27:48","slug":"ji-135-600-undersokingsbenk","status":"publish","type":"page","link":"https:\/\/jostedal-industrier.no\/?page_id=964","title":{"rendered":"JI-135-600 Unders\u00f8kingsbenk"},"content":{"rendered":"\n<div class=\"wp-block-columns is-layout-flex wp-container-core-columns-is-layout-9d6595d7 wp-block-columns-is-layout-flex\">\n<div class=\"wp-block-column is-layout-flow wp-block-column-is-layout-flow\">\n<p><\/p>\n\n\n\n<p>Unders\u00f8kingsbenken er utf\u00f8rt i lakkert aluminium. Benken kan hevast og senkast elektrisk (24 V batteri), samt justerast til Trendelenburg og anti-Trendelenburg ved hjelp av handstyring. Leiet er todelt, og regulering av ryggen skjer manuelt ved hjelp av gassfj\u00f8r.<\/p>\n\n\n\n<p>Benken er gjennomlysbar og eignar seg godt til alle typar unders\u00f8kingar. Ho er spesielt utforma med tanke p\u00e5 at ho skal vere lett \u00e5 halde rein.<\/p>\n\n\n\n<p>Hjula er store (doble) for \u00e5 gjere det enkelt \u00e5 trille benken.<\/p>\n<\/div>\n\n\n\n<div class=\"wp-block-column is-layout-flow wp-block-column-is-layout-flow\">\n<figure class=\"wp-block-image size-large\"><img loading=\"lazy\" decoding=\"async\" width=\"1024\" height=\"683\" src=\"https:\/\/jostedal-industrier.no\/wp-content\/uploads\/2026\/04\/JI-135-600-9-1024x683.png\" alt=\"\" class=\"wp-image-991\" srcset=\"https:\/\/jostedal-industrier.no\/wp-content\/uploads\/2026\/04\/JI-135-600-9-1024x683.png 1024w, https:\/\/jostedal-industrier.no\/wp-content\/uploads\/2026\/04\/JI-135-600-9-300x200.png 300w, https:\/\/jostedal-industrier.no\/wp-content\/uploads\/2026\/04\/JI-135-600-9-768x512.png 768w, https:\/\/jostedal-industrier.no\/wp-content\/uploads\/2026\/04\/JI-135-600-9.png 1350w\" sizes=\"auto, (max-width: 1024px) 100vw, 1024px\" \/><\/figure>\n<\/div>\n<\/div>\n\n\n\n<p><\/p>\n","protected":false},"excerpt":{"rendered":"<p>Unders\u00f8kingsbenken er utf\u00f8rt i lakkert aluminium. Benken kan hevast og senkast elektrisk (24 V batteri), samt justerast til Trendelenburg og [&hellip;]<\/p>\n","protected":false},"author":7,"featured_media":0,"parent":0,"menu_order":0,"comment_status":"closed","ping_status":"closed","template":"","meta":{"footnotes":""},"class_list":["post-964","page","type-page","status-publish","hentry"],"_links":{"self":[{"href":"https:\/\/jostedal-industrier.no\/index.php?rest_route=\/wp\/v2\/pages\/964","targetHints":{"allow":["GET"]}}],"collection":[{"href":"https:\/\/jostedal-industrier.no\/index.php?rest_route=\/wp\/v2\/pages"}],"about":[{"href":"https:\/\/jostedal-industrier.no\/index.php?rest_route=\/wp\/v2\/types\/page"}],"author":[{"embeddable":true,"href":"https:\/\/jostedal-industrier.no\/index.php?rest_route=\/wp\/v2\/users\/7"}],"replies":[{"embeddable":true,"href":"https:\/\/jostedal-industrier.no\/index.php?rest_route=%2Fwp%2Fv2%2Fcomments&post=964"}],"version-history":[{"count":2,"href":"https:\/\/jostedal-industrier.no\/index.php?rest_route=\/wp\/v2\/pages\/964\/revisions"}],"predecessor-version":[{"id":994,"href":"https:\/\/jostedal-industrier.no\/index.php?rest_route=\/wp\/v2\/pages\/964\/revisions\/994"}],"wp:attachment":[{"href":"https:\/\/jostedal-industrier.no\/index.php?rest_route=%2Fwp%2Fv2%2Fmedia&parent=964"}],"curies":[{"name":"wp","href":"https:\/\/api.w.org\/{rel}","templated":true}]}}